{"id":83,"date":"2021-04-28T13:25:22","date_gmt":"2021-04-28T11:25:22","guid":{"rendered":"http:\/\/eradiq.com\/boutique\/?product=import-placeholder-for-80"},"modified":"2025-04-04T11:06:57","modified_gmt":"2025-04-04T09:06:57","slug":"gel-cafard-aedex","status":"publish","type":"product","link":"https:\/\/eradiq.com\/boutique\/?product=gel-cafard-aedex","title":{"rendered":"Gel Cafard Aedex"},"content":{"rendered":"<p>Ce gel est <strong>anti-cafard<\/strong> , il est hautement attractif et app\u00e9tant dans une seringue pr\u00eate \u00e0 l&#8217;emploi. Tr\u00e8s facile d&#8217;utilisation. il \u00e9limine totalement les larves et les adultes cafards \/ <strong>blattes <\/strong>en quelques jours.<\/p>\n<p><em>Composition :<\/em> Ac\u00e9tamipride 9g\/kg<br \/>\n<em>Conditionnement :<\/em> cartouche de 30g<br \/>\n<em>Utilisation :<\/em> Appliquer des gouttes proches des endroits appr\u00e9ci\u00e9s par les cafards (placards de cuisine, moteurs, etc.)<\/p>\n","protected":false},"excerpt":{"rendered":"<p>Ce gel est anti-cafard , il est hautement attractif et app\u00e9tant dans une seringue pr\u00eate \u00e0 l&#8217;emploi. Tr\u00e8s facile d&#8217;utilisation. il \u00e9limine totalement les larves et les adultes cafards \/ blattes en quelques jours. Composition : Ac\u00e9tamipride 9g\/kg Conditionnement : cartouche de 30g Utilisation : Appliquer des gouttes proches des endroits appr\u00e9ci\u00e9s par les cafards [&hellip;]<\/p>\n","protected":false},"featured_media":101,"comment_status":"open","ping_status":"closed","template":"","meta":{"spay_email":""},"_links":{"self":[{"href":"https:\/\/eradiq.com\/boutique\/index.php?rest_route=\/wp\/v2\/product\/83"}],"collection":[{"href":"https:\/\/eradiq.com\/boutique\/index.php?rest_route=\/wp\/v2\/product"}],"about":[{"href":"https:\/\/eradiq.com\/boutique\/index.php?rest_route=\/wp\/v2\/types\/product"}],"replies":[{"embeddable":true,"href":"https:\/\/eradiq.com\/boutique\/index.php?rest_route=%2Fwp%2Fv2%2Fcomments&post=83"}],"wp:featuredmedia":[{"embeddable":true,"href":"https:\/\/eradiq.com\/boutique\/index.php?rest_route=\/wp\/v2\/media\/101"}],"wp:attachment":[{"href":"https:\/\/eradiq.com\/boutique\/index.php?rest_route=%2Fwp%2Fv2%2Fmedia&parent=83"}],"curies":[{"name":"wp","href":"https:\/\/api.w.org\/{rel}","templated":true}]}}