{"id":77,"date":"2021-04-28T13:25:14","date_gmt":"2021-04-28T11:25:14","guid":{"rendered":"http:\/\/eradiq.com\/boutique\/?product=import-placeholder-for-66"},"modified":"2021-04-28T14:02:02","modified_gmt":"2021-04-28T12:02:02","slug":"station-beta-2","status":"publish","type":"product","link":"https:\/\/eradiq.com\/boutique\/?product=station-beta-2","title":{"rendered":"Station Beta 2"},"content":{"rendered":"<p>Cette boite est con\u00e7ue pour les rats, elle est compatible avec les pi\u00e8ces et les plaques de glu.<br \/>\nRobuste et compacte. Verrouillage par cl\u00e9 fournie et support de fixation au mur fourni<\/p>\n<p><em>Dimensions : <\/em>H 95 x L 230 x l 190 mm<br \/>\n<em>Utilisation : <\/em>En int\u00e9rieur placer une boite tous les 8 \u00e0 10 m\u00e8tres et en ext\u00e9rieur tous les 10 \u00e0 20 m\u00e8tres; Charger avec l&#8217;app\u00e2t s\u00e9lectionn\u00e9 ou la plaque de glu et contr\u00f4ler r\u00e9guli\u00e8rement<\/p>\n","protected":false},"excerpt":{"rendered":"<p>Couvercle translucide<\/p>\n","protected":false},"featured_media":116,"comment_status":"open","ping_status":"closed","template":"","meta":{"spay_email":""},"_links":{"self":[{"href":"https:\/\/eradiq.com\/boutique\/index.php?rest_route=\/wp\/v2\/product\/77"}],"collection":[{"href":"https:\/\/eradiq.com\/boutique\/index.php?rest_route=\/wp\/v2\/product"}],"about":[{"href":"https:\/\/eradiq.com\/boutique\/index.php?rest_route=\/wp\/v2\/types\/product"}],"replies":[{"embeddable":true,"href":"https:\/\/eradiq.com\/boutique\/index.php?rest_route=%2Fwp%2Fv2%2Fcomments&post=77"}],"wp:featuredmedia":[{"embeddable":true,"href":"https:\/\/eradiq.com\/boutique\/index.php?rest_route=\/wp\/v2\/media\/116"}],"wp:attachment":[{"href":"https:\/\/eradiq.com\/boutique\/index.php?rest_route=%2Fwp%2Fv2%2Fmedia&parent=77"}],"curies":[{"name":"wp","href":"https:\/\/api.w.org\/{rel}","templated":true}]}}