{"id":54,"date":"2021-04-28T13:25:12","date_gmt":"2021-04-28T11:25:12","guid":{"rendered":"http:\/\/eradiq.com\/boutique\/?product=import-placeholder-for-29"},"modified":"2025-04-04T01:15:54","modified_gmt":"2025-04-03T23:15:54","slug":"housse-de-matelas-anti-punaise-de-lit","status":"publish","type":"product","link":"https:\/\/eradiq.com\/boutique\/?product=housse-de-matelas-anti-punaise-de-lit","title":{"rendered":"Housse de matelas Anti-punaise de lit"},"content":{"rendered":"<p>Cette housse de matelas fait obstacle aux punaises de lit, ainsi qu&#8217;aux acariens et allerg\u00e8nes. Son tissus est souple et \u00e9lastique et offre de ce fait beaucoup de confort.<br \/>\nElle b\u00e9n\u00e9ficie d&#8217;une technologie brevet\u00e9e rendant herm\u00e9tique aux insectes et poussi\u00e8res.<br \/>\nIl faut coupler ce produit \u00e0 la housse de sommier et d&#8217;oreiller.<br \/>\nEnfin cette housse est lavable en machine, convient parfaitement aux matelas de 20 \u00e0 50 cm d&#8217;\u00e9paisseur<\/p>\n","protected":false},"excerpt":{"rendered":"<p>Cette housse de matelas fait obstacle aux punaises de lit, ainsi qu&#8217;aux acariens et allerg\u00e8nes. Son tissus est souple et \u00e9lastique et offre de ce fait beaucoup de confort. Elle b\u00e9n\u00e9ficie d&#8217;une technologie brevet\u00e9e rendant herm\u00e9tique aux insectes et poussi\u00e8res. Il faut coupler ce produit \u00e0 la housse de sommier et d&#8217;oreiller. Enfin cette housse [&hellip;]<\/p>\n","protected":false},"featured_media":104,"comment_status":"open","ping_status":"closed","template":"","meta":{"spay_email":""},"_links":{"self":[{"href":"https:\/\/eradiq.com\/boutique\/index.php?rest_route=\/wp\/v2\/product\/54"}],"collection":[{"href":"https:\/\/eradiq.com\/boutique\/index.php?rest_route=\/wp\/v2\/product"}],"about":[{"href":"https:\/\/eradiq.com\/boutique\/index.php?rest_route=\/wp\/v2\/types\/product"}],"replies":[{"embeddable":true,"href":"https:\/\/eradiq.com\/boutique\/index.php?rest_route=%2Fwp%2Fv2%2Fcomments&post=54"}],"wp:featuredmedia":[{"embeddable":true,"href":"https:\/\/eradiq.com\/boutique\/index.php?rest_route=\/wp\/v2\/media\/104"}],"wp:attachment":[{"href":"https:\/\/eradiq.com\/boutique\/index.php?rest_route=%2Fwp%2Fv2%2Fmedia&parent=54"}],"curies":[{"name":"wp","href":"https:\/\/api.w.org\/{rel}","templated":true}]}}